{"id":1112,"date":"2023-01-30T11:08:05","date_gmt":"2023-01-30T11:08:05","guid":{"rendered":"https:\/\/recrewproject.eu\/open-guide-for-undervisere-inden-for-erhvervsuddannelse\/"},"modified":"2024-09-19T13:12:19","modified_gmt":"2024-09-19T13:12:19","slug":"open-guide-for-vet-trainers-2","status":"publish","type":"page","link":"https:\/\/recrewproject.eu\/da\/open-guide-for-vet-trainers-2\/","title":{"rendered":"OPEN GUIDE for undervisere inden for erhvervsuddannelse"},"content":{"rendered":"\t\t<div data-elementor-type=\"wp-page\" data-elementor-id=\"1112\" class=\"elementor elementor-1112 elementor-618\" data-elementor-post-type=\"page\">\n\t\t\t\t\t\t<section class=\"elementor-section elementor-top-section elementor-element elementor-element-9fb3b3e elementor-section-boxed elementor-section-height-default elementor-section-height-default\" data-id=\"9fb3b3e\" data-element_type=\"section\">\n\t\t\t\t\t\t<div class=\"elementor-container elementor-column-gap-default\">\n\t\t\t\t\t<div class=\"elementor-column elementor-col-100 elementor-top-column elementor-element elementor-element-6cd7be5b\" data-id=\"6cd7be5b\" data-element_type=\"column\">\n\t\t\t<div class=\"elementor-widget-wrap elementor-element-populated\">\n\t\t\t\t\t\t<div class=\"elementor-element elementor-element-543dd6e4 elementor-widget elementor-widget-spacer\" data-id=\"543dd6e4\" data-element_type=\"widget\" data-widget_type=\"spacer.default\">\n\t\t\t\t<div class=\"elementor-widget-container\">\n\t\t\t<style>\/*! elementor - v3.19.0 - 07-02-2024 *\/\n.elementor-column .elementor-spacer-inner{height:var(--spacer-size)}.e-con{--container-widget-width:100%}.e-con-inner>.elementor-widget-spacer,.e-con>.elementor-widget-spacer{width:var(--container-widget-width,var(--spacer-size));--align-self:var(--container-widget-align-self,initial);--flex-shrink:0}.e-con-inner>.elementor-widget-spacer>.elementor-widget-container,.e-con>.elementor-widget-spacer>.elementor-widget-container{height:100%;width:100%}.e-con-inner>.elementor-widget-spacer>.elementor-widget-container>.elementor-spacer,.e-con>.elementor-widget-spacer>.elementor-widget-container>.elementor-spacer{height:100%}.e-con-inner>.elementor-widget-spacer>.elementor-widget-container>.elementor-spacer>.elementor-spacer-inner,.e-con>.elementor-widget-spacer>.elementor-widget-container>.elementor-spacer>.elementor-spacer-inner{height:var(--container-widget-height,var(--spacer-size))}.e-con-inner>.elementor-widget-spacer.elementor-widget-empty,.e-con>.elementor-widget-spacer.elementor-widget-empty{position:relative;min-height:22px;min-width:22px}.e-con-inner>.elementor-widget-spacer.elementor-widget-empty .elementor-widget-empty-icon,.e-con>.elementor-widget-spacer.elementor-widget-empty .elementor-widget-empty-icon{position:absolute;top:0;bottom:0;left:0;right:0;margin:auto;padding:0;width:22px;height:22px}<\/style>\t\t<div class=\"elementor-spacer\">\n\t\t\t<div class=\"elementor-spacer-inner\"><\/div>\n\t\t<\/div>\n\t\t\t\t<\/div>\n\t\t\t\t<\/div>\n\t\t\t\t<div class=\"elementor-element elementor-element-34ebec39 elementor-widget elementor-widget-heading\" data-id=\"34ebec39\" data-element_type=\"widget\" data-widget_type=\"heading.default\">\n\t\t\t\t<div class=\"elementor-widget-container\">\n\t\t\t<style>\/*! elementor - v3.19.0 - 07-02-2024 *\/\n.elementor-heading-title{padding:0;margin:0;line-height:1}.elementor-widget-heading .elementor-heading-title[class*=elementor-size-]>a{color:inherit;font-size:inherit;line-height:inherit}.elementor-widget-heading .elementor-heading-title.elementor-size-small{font-size:15px}.elementor-widget-heading .elementor-heading-title.elementor-size-medium{font-size:19px}.elementor-widget-heading .elementor-heading-title.elementor-size-large{font-size:29px}.elementor-widget-heading .elementor-heading-title.elementor-size-xl{font-size:39px}.elementor-widget-heading .elementor-heading-title.elementor-size-xxl{font-size:59px}<\/style><h2 class=\"elementor-heading-title elementor-size-default\">OPEN GUIDE for undervisere inden for erhvervsuddannelse<\/h2>\t\t<\/div>\n\t\t\t\t<\/div>\n\t\t\t\t<section class=\"elementor-section elementor-inner-section elementor-element elementor-element-43ff2912 elementor-section-content-middle elementor-section-boxed elementor-section-height-default elementor-section-height-default\" data-id=\"43ff2912\" data-element_type=\"section\">\n\t\t\t\t\t\t<div class=\"elementor-container elementor-column-gap-default\">\n\t\t\t\t\t<div class=\"elementor-column elementor-col-50 elementor-inner-column elementor-element elementor-element-497c9101\" data-id=\"497c9101\" data-element_type=\"column\">\n\t\t\t<div class=\"elementor-widget-wrap elementor-element-populated\">\n\t\t\t\t\t\t<div class=\"elementor-element elementor-element-6016deae elementor-widget elementor-widget-image\" data-id=\"6016deae\" data-element_type=\"widget\" data-widget_type=\"image.default\">\n\t\t\t\t<div class=\"elementor-widget-container\">\n\t\t\t<style>\/*! elementor - v3.19.0 - 07-02-2024 *\/\n.elementor-widget-image{text-align:center}.elementor-widget-image a{display:inline-block}.elementor-widget-image a img[src$=\".svg\"]{width:48px}.elementor-widget-image img{vertical-align:middle;display:inline-block}<\/style>\t\t\t\t\t\t\t\t\t\t<img fetchpriority=\"high\" decoding=\"async\" width=\"800\" height=\"800\" src=\"https:\/\/recrewproject.eu\/wp-content\/uploads\/2023\/01\/the-need.svg\" class=\"attachment-large size-large wp-image-1078\" alt=\"\" \/>\t\t\t\t\t\t\t\t\t\t\t\t\t<\/div>\n\t\t\t\t<\/div>\n\t\t\t\t\t<\/div>\n\t\t<\/div>\n\t\t\t\t<div class=\"elementor-column elementor-col-50 elementor-inner-column elementor-element elementor-element-2b822ad2\" data-id=\"2b822ad2\" data-element_type=\"column\">\n\t\t\t<div class=\"elementor-widget-wrap elementor-element-populated\">\n\t\t\t\t\t\t<div class=\"elementor-element elementor-element-14a9cf11 elementor-widget elementor-widget-text-editor\" data-id=\"14a9cf11\" data-element_type=\"widget\" data-widget_type=\"text-editor.default\">\n\t\t\t\t<div class=\"elementor-widget-container\">\n\t\t\t<style>\/*! elementor - v3.19.0 - 07-02-2024 *\/\n.elementor-widget-text-editor.elementor-drop-cap-view-stacked .elementor-drop-cap{background-color:#69727d;color:#fff}.elementor-widget-text-editor.elementor-drop-cap-view-framed .elementor-drop-cap{color:#69727d;border:3px solid;background-color:transparent}.elementor-widget-text-editor:not(.elementor-drop-cap-view-default) .elementor-drop-cap{margin-top:8px}.elementor-widget-text-editor:not(.elementor-drop-cap-view-default) .elementor-drop-cap-letter{width:1em;height:1em}.elementor-widget-text-editor .elementor-drop-cap{float:left;text-align:center;line-height:1;font-size:50px}.elementor-widget-text-editor .elementor-drop-cap-letter{display:inline-block}<\/style>\t\t\t\t<p>Den innovative OPEN GUIDE for undervisere i erhvervsuddannelse, en omfattende h\u00e5ndbog til at designe, udvikle og levere effektiv og engagerende uddannelse til de europ\u00e6iske sm\u00e5 virksomheder, s\u00e5 de nemt, effektivt og med succes kan gennemf\u00f8re enhver ans\u00e6ttelsesproces, af:<\/p>\n<ul>\n<li>at overvinde hindringer,<\/li>\n<li>at forebygge fejltagelser,<\/li>\n<li>at videregive deres v\u00e6rdier og<\/li>\n<li>at styre organisatoriske aspekter p\u00e5 den bedst mulige m\u00e5de.<\/li>\n<\/ul>\n<p>De vigtigste m\u00e5lgrupper vil v\u00e6re de europ\u00e6iske erhvervsuddannelsesl\u00e6rere, mentorer og tr\u00e6nere.<\/p>\n\t\t\t\t\t\t<\/div>\n\t\t\t\t<\/div>\n\t\t\t\t<div class=\"elementor-element elementor-element-52e92d6 elementor-widget elementor-widget-text-editor\" data-id=\"52e92d6\" data-element_type=\"widget\" data-widget_type=\"text-editor.default\">\n\t\t\t\t<div class=\"elementor-widget-container\">\n\t\t\t\t\t\t\t<p><span style=\"font-weight: 400;\">Den \u00e5bne guide:<\/span><\/p><ul><li><span style=\"font-weight: 400;\">leverer generel viden om brugen af aktive tr\u00e6ningsmetoder ved at forklare begreber, principper og anbefalede teknikker;<\/span><\/li><li><span style=\"font-weight: 400;\">beskriver, hvordan man bruger aktive tr\u00e6ningsmetoder til at \u00f8ge fastholdelsen, opbygge forst\u00e5else og forbedre f\u00e6rdigheder;<\/span><\/li><li><span style=\"font-weight: 400;\">forklarer brugen af kreative undervisningsstrategier p\u00e5 digitale platforme (e-l\u00e6ringsplatform og DAT) ved at foresl\u00e5 praktiske tips til undervisere og instrukt\u00f8rer;<\/span><\/li><li><span style=\"font-weight: 400;\">giver eksempler p\u00e5 anvendte aktive tr\u00e6ningsmetoder;<\/span><\/li><li><span style=\"font-weight: 400;\">illustrerer, hvordan man kan tilpasse aktive tr\u00e6ningsteknikker til vores uddannelsesplan;<\/span><\/li><li><span style=\"font-weight: 400;\">giver en oversigt over aktive tr\u00e6nings ressourcer, der kan bruges uanset kursets indhold.<\/span><\/li><\/ul>\t\t\t\t\t\t<\/div>\n\t\t\t\t<\/div>\n\t\t\t\t\t<\/div>\n\t\t<\/div>\n\t\t\t\t\t<\/div>\n\t\t<\/section>\n\t\t\t\t\t<\/div>\n\t\t<\/div>\n\t\t\t\t\t<\/div>\n\t\t<\/section>\n\t\t\t\t<section class=\"elementor-section elementor-top-section elementor-element elementor-element-84669a3 elementor-section-boxed elementor-section-height-default elementor-section-height-default\" data-id=\"84669a3\" data-element_type=\"section\">\n\t\t\t\t\t\t<div class=\"elementor-container elementor-column-gap-default\">\n\t\t\t\t\t<div class=\"elementor-column elementor-col-100 elementor-top-column elementor-element elementor-element-5ff1a2a\" data-id=\"5ff1a2a\" data-element_type=\"column\">\n\t\t\t<div class=\"elementor-widget-wrap elementor-element-populated\">\n\t\t\t\t\t\t<div class=\"elementor-element elementor-element-feddb6d elementor-widget elementor-widget-image\" data-id=\"feddb6d\" data-element_type=\"widget\" data-widget_type=\"image.default\">\n\t\t\t\t<div class=\"elementor-widget-container\">\n\t\t\t\t\t\t\t\t\t\t\t\t\t\t<a href=\"https:\/\/recrewproject.eu\/wp-content\/uploads\/2024\/08\/06_WP4_Open_Guide_DA.pdf\" target=\"_blank\">\n\t\t\t\t\t\t\t<img decoding=\"async\" width=\"1000\" height=\"750\" src=\"https:\/\/recrewproject.eu\/wp-content\/uploads\/2024\/07\/re-crew-guide-mockup-1.png\" class=\"attachment-full size-full wp-image-4424\" alt=\"\" srcset=\"https:\/\/recrewproject.eu\/wp-content\/uploads\/2024\/07\/re-crew-guide-mockup-1.png 1000w, https:\/\/recrewproject.eu\/wp-content\/uploads\/2024\/07\/re-crew-guide-mockup-1-300x225.png 300w, https:\/\/recrewproject.eu\/wp-content\/uploads\/2024\/07\/re-crew-guide-mockup-1-768x576.png 768w\" sizes=\"(max-width: 1000px) 100vw, 1000px\" \/>\t\t\t\t\t\t\t\t<\/a>\n\t\t\t\t\t\t\t\t\t\t\t\t\t<\/div>\n\t\t\t\t<\/div>\n\t\t\t\t<div class=\"elementor-element elementor-element-4b4e608 elementor-widget elementor-widget-tp-button\" data-id=\"4b4e608\" data-element_type=\"widget\" data-widget_type=\"tp-button.default\">\n\t\t\t\t<div class=\"elementor-widget-container\">\n\t\t\t<div class=\"pt-plus-button-wrapper   text-center   \"><div class=\"button_parallax   \" ><div id=\"button69e772c9b89c8\"  class=\" text-center ts-button content_hover_effect   \" ><div class=\"pt_plus_button btn69e772c9b871a button-style-19   \"  ><div class=\"animted-content-inner \"><a href=\"https:\/\/recrewproject.eu\/wp-content\/uploads\/2024\/08\/06_WP4_Open_Guide_DA.pdf\" target=\"_blank\" class=\"button-link-wrap \" role=\"button\" data-hover=\"Open Guide for VET Trainers\"  ><span>Open Guide for VET Trainers<\/span><i class=\"btn-icon button-after fa fa-chevron-right\"><\/i><\/a><\/div><\/div><\/div><\/div><\/div>\t\t<\/div>\n\t\t\t\t<\/div>\n\t\t\t\t<div class=\"elementor-element elementor-element-b7ffeb8 elementor-widget elementor-widget-spacer\" data-id=\"b7ffeb8\" data-element_type=\"widget\" data-widget_type=\"spacer.default\">\n\t\t\t\t<div class=\"elementor-widget-container\">\n\t\t\t\t\t<div class=\"elementor-spacer\">\n\t\t\t<div class=\"elementor-spacer-inner\"><\/div>\n\t\t<\/div>\n\t\t\t\t<\/div>\n\t\t\t\t<\/div>\n\t\t\t\t<div class=\"elementor-element elementor-element-193b39c elementor-widget elementor-widget-tp-button\" data-id=\"193b39c\" data-element_type=\"widget\" data-widget_type=\"tp-button.default\">\n\t\t\t\t<div class=\"elementor-widget-container\">\n\t\t\t<div class=\"pt-plus-button-wrapper   text-center   \"><div class=\"button_parallax   \" ><div id=\"button69e772c9b930f\"  class=\" text-center ts-button content_hover_effect   \" ><div class=\"pt_plus_button btn69e772c9b90f4 button-style-19   \"  ><div class=\"animted-content-inner \"><a href=\"https:\/\/recrewproject.eu\/vet-trainer-toolkit\/\" class=\"button-link-wrap \" role=\"button\" data-hover=\"VET Trainers Toolkit\"  ><span>VET Trainers Toolkit<\/span><i class=\"btn-icon button-after fa fa-chevron-right\"><\/i><\/a><\/div><\/div><\/div><\/div><\/div>\t\t<\/div>\n\t\t\t\t<\/div>\n\t\t\t\t<div class=\"elementor-element elementor-element-a0661a1 elementor-widget elementor-widget-spacer\" data-id=\"a0661a1\" data-element_type=\"widget\" data-widget_type=\"spacer.default\">\n\t\t\t\t<div class=\"elementor-widget-container\">\n\t\t\t\t\t<div class=\"elementor-spacer\">\n\t\t\t<div class=\"elementor-spacer-inner\"><\/div>\n\t\t<\/div>\n\t\t\t\t<\/div>\n\t\t\t\t<\/div>\n\t\t\t\t\t<\/div>\n\t\t<\/div>\n\t\t\t\t\t<\/div>\n\t\t<\/section>\n\t\t\t\t<\/div>\n\t\t","protected":false},"excerpt":{"rendered":"<p>OPEN GUIDE for undervisere inden for erhvervsuddannelse Den innovative OPEN GUIDE for undervisere i erhvervsuddannelse, en omfattende h\u00e5ndbog til at designe, udvikle og levere effektiv og engagerende uddannelse til de europ\u00e6iske sm\u00e5 virksomheder, s\u00e5 de nemt, effektivt og med succes kan gennemf\u00f8re enhver ans\u00e6ttelsesproces, af: at overvinde hindringer, at forebygge fejltagelser, at videregive deres v\u00e6rdier [&hellip;]<\/p>\n","protected":false},"author":1,"featured_media":0,"parent":0,"menu_order":0,"comment_status":"closed","ping_status":"closed","template":"elementor_header_footer","meta":{"footnotes":""},"class_list":["post-1112","page","type-page","status-publish","hentry"],"_links":{"self":[{"href":"https:\/\/recrewproject.eu\/da\/wp-json\/wp\/v2\/pages\/1112","targetHints":{"allow":["GET"]}}],"collection":[{"href":"https:\/\/recrewproject.eu\/da\/wp-json\/wp\/v2\/pages"}],"about":[{"href":"https:\/\/recrewproject.eu\/da\/wp-json\/wp\/v2\/types\/page"}],"author":[{"embeddable":true,"href":"https:\/\/recrewproject.eu\/da\/wp-json\/wp\/v2\/users\/1"}],"replies":[{"embeddable":true,"href":"https:\/\/recrewproject.eu\/da\/wp-json\/wp\/v2\/comments?post=1112"}],"version-history":[{"count":25,"href":"https:\/\/recrewproject.eu\/da\/wp-json\/wp\/v2\/pages\/1112\/revisions"}],"predecessor-version":[{"id":4853,"href":"https:\/\/recrewproject.eu\/da\/wp-json\/wp\/v2\/pages\/1112\/revisions\/4853"}],"wp:attachment":[{"href":"https:\/\/recrewproject.eu\/da\/wp-json\/wp\/v2\/media?parent=1112"}],"curies":[{"name":"wp","href":"https:\/\/api.w.org\/{rel}","templated":true}]}}