{"id":1116,"date":"2022-11-25T08:29:43","date_gmt":"2022-11-25T08:29:43","guid":{"rendered":"https:\/\/recrewproject.eu\/vurder-dig-selv\/"},"modified":"2024-07-05T12:35:32","modified_gmt":"2024-07-05T12:35:32","slug":"vurder-dig-selv","status":"publish","type":"page","link":"https:\/\/recrewproject.eu\/da\/vurder-dig-selv\/","title":{"rendered":"Vurder dig selv"},"content":{"rendered":"\t\t<div data-elementor-type=\"wp-page\" data-elementor-id=\"1116\" class=\"elementor elementor-1116 elementor-403\" data-elementor-post-type=\"page\">\n\t\t\t\t\t\t<section class=\"elementor-section elementor-top-section elementor-element elementor-element-ee96a77 elementor-section-boxed elementor-section-height-default elementor-section-height-default\" data-id=\"ee96a77\" data-element_type=\"section\">\n\t\t\t\t\t\t<div class=\"elementor-container elementor-column-gap-default\">\n\t\t\t\t\t<div class=\"elementor-column elementor-col-100 elementor-top-column elementor-element elementor-element-4742ee6f\" data-id=\"4742ee6f\" data-element_type=\"column\">\n\t\t\t<div class=\"elementor-widget-wrap elementor-element-populated\">\n\t\t\t\t\t\t<div class=\"elementor-element elementor-element-15b3e83d elementor-widget elementor-widget-spacer\" data-id=\"15b3e83d\" data-element_type=\"widget\" data-widget_type=\"spacer.default\">\n\t\t\t\t<div class=\"elementor-widget-container\">\n\t\t\t<style>\/*! elementor - v3.19.0 - 07-02-2024 *\/\n.elementor-column .elementor-spacer-inner{height:var(--spacer-size)}.e-con{--container-widget-width:100%}.e-con-inner>.elementor-widget-spacer,.e-con>.elementor-widget-spacer{width:var(--container-widget-width,var(--spacer-size));--align-self:var(--container-widget-align-self,initial);--flex-shrink:0}.e-con-inner>.elementor-widget-spacer>.elementor-widget-container,.e-con>.elementor-widget-spacer>.elementor-widget-container{height:100%;width:100%}.e-con-inner>.elementor-widget-spacer>.elementor-widget-container>.elementor-spacer,.e-con>.elementor-widget-spacer>.elementor-widget-container>.elementor-spacer{height:100%}.e-con-inner>.elementor-widget-spacer>.elementor-widget-container>.elementor-spacer>.elementor-spacer-inner,.e-con>.elementor-widget-spacer>.elementor-widget-container>.elementor-spacer>.elementor-spacer-inner{height:var(--container-widget-height,var(--spacer-size))}.e-con-inner>.elementor-widget-spacer.elementor-widget-empty,.e-con>.elementor-widget-spacer.elementor-widget-empty{position:relative;min-height:22px;min-width:22px}.e-con-inner>.elementor-widget-spacer.elementor-widget-empty .elementor-widget-empty-icon,.e-con>.elementor-widget-spacer.elementor-widget-empty .elementor-widget-empty-icon{position:absolute;top:0;bottom:0;left:0;right:0;margin:auto;padding:0;width:22px;height:22px}<\/style>\t\t<div class=\"elementor-spacer\">\n\t\t\t<div class=\"elementor-spacer-inner\"><\/div>\n\t\t<\/div>\n\t\t\t\t<\/div>\n\t\t\t\t<\/div>\n\t\t\t\t<div class=\"elementor-element elementor-element-6d787469 elementor-widget elementor-widget-heading\" data-id=\"6d787469\" data-element_type=\"widget\" data-widget_type=\"heading.default\">\n\t\t\t\t<div class=\"elementor-widget-container\">\n\t\t\t<style>\/*! elementor - v3.19.0 - 07-02-2024 *\/\n.elementor-heading-title{padding:0;margin:0;line-height:1}.elementor-widget-heading .elementor-heading-title[class*=elementor-size-]>a{color:inherit;font-size:inherit;line-height:inherit}.elementor-widget-heading .elementor-heading-title.elementor-size-small{font-size:15px}.elementor-widget-heading .elementor-heading-title.elementor-size-medium{font-size:19px}.elementor-widget-heading .elementor-heading-title.elementor-size-large{font-size:29px}.elementor-widget-heading .elementor-heading-title.elementor-size-xl{font-size:39px}.elementor-widget-heading .elementor-heading-title.elementor-size-xxl{font-size:59px}<\/style><h2 class=\"elementor-heading-title elementor-size-default\">DAT<br>Digitalt vurderingsv\u00e6rkt\u00f8j <\/h2>\t\t<\/div>\n\t\t\t\t<\/div>\n\t\t\t\t<section class=\"elementor-section elementor-inner-section elementor-element elementor-element-30f1f59a elementor-section-content-middle elementor-section-boxed elementor-section-height-default elementor-section-height-default\" data-id=\"30f1f59a\" data-element_type=\"section\">\n\t\t\t\t\t\t<div class=\"elementor-container elementor-column-gap-default\">\n\t\t\t\t\t<div class=\"elementor-column elementor-col-50 elementor-inner-column elementor-element elementor-element-47f5a395\" data-id=\"47f5a395\" data-element_type=\"column\">\n\t\t\t<div class=\"elementor-widget-wrap elementor-element-populated\">\n\t\t\t\t\t\t<div class=\"elementor-element elementor-element-bb45190 elementor-widget elementor-widget-image\" data-id=\"bb45190\" data-element_type=\"widget\" data-widget_type=\"image.default\">\n\t\t\t\t<div class=\"elementor-widget-container\">\n\t\t\t<style>\/*! elementor - v3.19.0 - 07-02-2024 *\/\n.elementor-widget-image{text-align:center}.elementor-widget-image a{display:inline-block}.elementor-widget-image a img[src$=\".svg\"]{width:48px}.elementor-widget-image img{vertical-align:middle;display:inline-block}<\/style>\t\t\t\t\t\t\t\t\t\t<img fetchpriority=\"high\" decoding=\"async\" width=\"800\" height=\"800\" src=\"https:\/\/recrewproject.eu\/wp-content\/uploads\/2022\/11\/the-need.svg\" class=\"attachment-large size-large wp-image-986\" alt=\"\" \/>\t\t\t\t\t\t\t\t\t\t\t\t\t<\/div>\n\t\t\t\t<\/div>\n\t\t\t\t\t<\/div>\n\t\t<\/div>\n\t\t\t\t<div class=\"elementor-column elementor-col-50 elementor-inner-column elementor-element elementor-element-469893a4\" data-id=\"469893a4\" data-element_type=\"column\">\n\t\t\t<div class=\"elementor-widget-wrap elementor-element-populated\">\n\t\t\t\t\t\t<div class=\"elementor-element elementor-element-3f488ed0 elementor-widget elementor-widget-text-editor\" data-id=\"3f488ed0\" data-element_type=\"widget\" data-widget_type=\"text-editor.default\">\n\t\t\t\t<div class=\"elementor-widget-container\">\n\t\t\t<style>\/*! elementor - v3.19.0 - 07-02-2024 *\/\n.elementor-widget-text-editor.elementor-drop-cap-view-stacked .elementor-drop-cap{background-color:#69727d;color:#fff}.elementor-widget-text-editor.elementor-drop-cap-view-framed .elementor-drop-cap{color:#69727d;border:3px solid;background-color:transparent}.elementor-widget-text-editor:not(.elementor-drop-cap-view-default) .elementor-drop-cap{margin-top:8px}.elementor-widget-text-editor:not(.elementor-drop-cap-view-default) .elementor-drop-cap-letter{width:1em;height:1em}.elementor-widget-text-editor .elementor-drop-cap{float:left;text-align:center;line-height:1;font-size:50px}.elementor-widget-text-editor .elementor-drop-cap-letter{display:inline-block}<\/style>\t\t\t\t<p>DAT er struktureret i adskilte, men komplement\u00e6re vurderingsomr\u00e5der og unders\u00f8ger:<\/p><ul><li>tilg\u00e6ngelighed og effektivitet af eventuelle HR-ledelsesstrategier;<\/li><li>hvordan sm\u00e5 virksomheder planl\u00e6gger ans\u00e6ttelsesprocessen;<\/li><li>effektiviteten af ans\u00e6ttelsesprocedurerne;<\/li><li>kvaliteten af enhver strategi for arbejdsgiverv\u00e6rdis\u00e6tning og branding;<\/li><li>tilfredshed med eventuelle tidligere ans\u00e6ttelsesprocesser, som arbejdsgiveren har gennemf\u00f8rt;<\/li><li>tilg\u00e6ngelighed og kvalitet af en eventuel politik for socialt ansvar i virksomheden;<\/li><li>virksomhedens tilgang til enhver sundheds- og trivselsstrategi p\u00e5 arbejdspladsen.<\/li><\/ul><p>\u00a0<\/p><p>DAT vil v\u00e6re m\u00e5lrettet:<\/p><ul><li>sm\u00e5 virksomheder, s\u00e5 de selv kan vurdere, om de er parate til at foretage en effektiv og effektiv rekruttering;<\/li><li>specialiserede r\u00e5dgivere, mentorer og erhvervsst\u00f8tteorganisationer, s\u00e5 de kan integrere en s\u00e5dan innovativ diagnose i deres portef\u00f8lje og f\u00f8lge op med konsulentbistand og\/eller uddannelse.<\/li><\/ul>\t\t\t\t\t\t<\/div>\n\t\t\t\t<\/div>\n\t\t\t\t\t<\/div>\n\t\t<\/div>\n\t\t\t\t\t<\/div>\n\t\t<\/section>\n\t\t\t\t<div class=\"elementor-element elementor-element-9a49ac5 elementor-widget elementor-widget-spacer\" data-id=\"9a49ac5\" data-element_type=\"widget\" data-widget_type=\"spacer.default\">\n\t\t\t\t<div class=\"elementor-widget-container\">\n\t\t\t\t\t<div class=\"elementor-spacer\">\n\t\t\t<div class=\"elementor-spacer-inner\"><\/div>\n\t\t<\/div>\n\t\t\t\t<\/div>\n\t\t\t\t<\/div>\n\t\t\t\t<div class=\"elementor-element elementor-element-2d6c844 elementor-widget elementor-widget-tp-button\" data-id=\"2d6c844\" data-element_type=\"widget\" data-widget_type=\"tp-button.default\">\n\t\t\t\t<div class=\"elementor-widget-container\">\n\t\t\t<div class=\"pt-plus-button-wrapper   text-center   \"><div class=\"button_parallax   \" ><div id=\"button69e7728af3ebc\"  class=\" text-center ts-button content_hover_effect   \" ><div class=\"pt_plus_button btn69e7728af3a2e button-style-19   \"  ><div class=\"animted-content-inner \"><a href=\"https:\/\/recrew-form-8syc6.ondigitalocean.app\/\" target=\"_blank\" class=\"button-link-wrap \" role=\"button\" data-hover=\"Digitalt vurderingsv\u00e6rkt\u00f8j - DAT\"  ><span>Digitalt vurderingsv\u00e6rkt\u00f8j - DAT<\/span><i class=\"btn-icon button-after fa fa-chevron-right\"><\/i><\/a><\/div><\/div><\/div><\/div><\/div>\t\t<\/div>\n\t\t\t\t<\/div>\n\t\t\t\t\t<\/div>\n\t\t<\/div>\n\t\t\t\t\t<\/div>\n\t\t<\/section>\n\t\t\t\t<\/div>\n\t\t","protected":false},"excerpt":{"rendered":"<p>DATDigitalt vurderingsv\u00e6rkt\u00f8j DAT er struktureret i adskilte, men komplement\u00e6re vurderingsomr\u00e5der og unders\u00f8ger: tilg\u00e6ngelighed og effektivitet af eventuelle HR-ledelsesstrategier; hvordan sm\u00e5 virksomheder planl\u00e6gger ans\u00e6ttelsesprocessen; effektiviteten af ans\u00e6ttelsesprocedurerne; kvaliteten af enhver strategi for arbejdsgiverv\u00e6rdis\u00e6tning og branding; tilfredshed med eventuelle tidligere ans\u00e6ttelsesprocesser, som arbejdsgiveren har gennemf\u00f8rt; tilg\u00e6ngelighed og kvalitet af en eventuel politik for socialt ansvar i virksomheden; [&hellip;]<\/p>\n","protected":false},"author":1,"featured_media":0,"parent":0,"menu_order":0,"comment_status":"closed","ping_status":"closed","template":"elementor_header_footer","meta":{"footnotes":""},"class_list":["post-1116","page","type-page","status-publish","hentry"],"_links":{"self":[{"href":"https:\/\/recrewproject.eu\/da\/wp-json\/wp\/v2\/pages\/1116","targetHints":{"allow":["GET"]}}],"collection":[{"href":"https:\/\/recrewproject.eu\/da\/wp-json\/wp\/v2\/pages"}],"about":[{"href":"https:\/\/recrewproject.eu\/da\/wp-json\/wp\/v2\/types\/page"}],"author":[{"embeddable":true,"href":"https:\/\/recrewproject.eu\/da\/wp-json\/wp\/v2\/users\/1"}],"replies":[{"embeddable":true,"href":"https:\/\/recrewproject.eu\/da\/wp-json\/wp\/v2\/comments?post=1116"}],"version-history":[{"count":10,"href":"https:\/\/recrewproject.eu\/da\/wp-json\/wp\/v2\/pages\/1116\/revisions"}],"predecessor-version":[{"id":4174,"href":"https:\/\/recrewproject.eu\/da\/wp-json\/wp\/v2\/pages\/1116\/revisions\/4174"}],"wp:attachment":[{"href":"https:\/\/recrewproject.eu\/da\/wp-json\/wp\/v2\/media?parent=1116"}],"curies":[{"name":"wp","href":"https:\/\/api.w.org\/{rel}","templated":true}]}}