{"id":1237,"date":"2023-01-30T11:08:05","date_gmt":"2023-01-30T11:08:05","guid":{"rendered":"https:\/\/recrewproject.eu\/guia-abierta-para-formadores-de-efp\/"},"modified":"2024-09-19T13:19:15","modified_gmt":"2024-09-19T13:19:15","slug":"open-guide-for-vet-trainers-2","status":"publish","type":"page","link":"https:\/\/recrewproject.eu\/es\/open-guide-for-vet-trainers-2\/","title":{"rendered":"Gu\u00eda abierta para formadores de EFP"},"content":{"rendered":"\t\t<div data-elementor-type=\"wp-page\" data-elementor-id=\"1237\" class=\"elementor elementor-1237 elementor-618\" data-elementor-post-type=\"page\">\n\t\t\t\t\t\t<section class=\"elementor-section elementor-top-section elementor-element elementor-element-9fb3b3e elementor-section-boxed elementor-section-height-default elementor-section-height-default\" data-id=\"9fb3b3e\" data-element_type=\"section\">\n\t\t\t\t\t\t<div class=\"elementor-container elementor-column-gap-default\">\n\t\t\t\t\t<div class=\"elementor-column elementor-col-100 elementor-top-column elementor-element elementor-element-6cd7be5b\" data-id=\"6cd7be5b\" data-element_type=\"column\">\n\t\t\t<div class=\"elementor-widget-wrap elementor-element-populated\">\n\t\t\t\t\t\t<div class=\"elementor-element elementor-element-543dd6e4 elementor-widget elementor-widget-spacer\" data-id=\"543dd6e4\" data-element_type=\"widget\" data-widget_type=\"spacer.default\">\n\t\t\t\t<div class=\"elementor-widget-container\">\n\t\t\t<style>\/*! elementor - v3.19.0 - 07-02-2024 *\/\n.elementor-column .elementor-spacer-inner{height:var(--spacer-size)}.e-con{--container-widget-width:100%}.e-con-inner>.elementor-widget-spacer,.e-con>.elementor-widget-spacer{width:var(--container-widget-width,var(--spacer-size));--align-self:var(--container-widget-align-self,initial);--flex-shrink:0}.e-con-inner>.elementor-widget-spacer>.elementor-widget-container,.e-con>.elementor-widget-spacer>.elementor-widget-container{height:100%;width:100%}.e-con-inner>.elementor-widget-spacer>.elementor-widget-container>.elementor-spacer,.e-con>.elementor-widget-spacer>.elementor-widget-container>.elementor-spacer{height:100%}.e-con-inner>.elementor-widget-spacer>.elementor-widget-container>.elementor-spacer>.elementor-spacer-inner,.e-con>.elementor-widget-spacer>.elementor-widget-container>.elementor-spacer>.elementor-spacer-inner{height:var(--container-widget-height,var(--spacer-size))}.e-con-inner>.elementor-widget-spacer.elementor-widget-empty,.e-con>.elementor-widget-spacer.elementor-widget-empty{position:relative;min-height:22px;min-width:22px}.e-con-inner>.elementor-widget-spacer.elementor-widget-empty .elementor-widget-empty-icon,.e-con>.elementor-widget-spacer.elementor-widget-empty .elementor-widget-empty-icon{position:absolute;top:0;bottom:0;left:0;right:0;margin:auto;padding:0;width:22px;height:22px}<\/style>\t\t<div class=\"elementor-spacer\">\n\t\t\t<div class=\"elementor-spacer-inner\"><\/div>\n\t\t<\/div>\n\t\t\t\t<\/div>\n\t\t\t\t<\/div>\n\t\t\t\t<div class=\"elementor-element elementor-element-34ebec39 elementor-widget elementor-widget-heading\" data-id=\"34ebec39\" data-element_type=\"widget\" data-widget_type=\"heading.default\">\n\t\t\t\t<div class=\"elementor-widget-container\">\n\t\t\t<style>\/*! elementor - v3.19.0 - 07-02-2024 *\/\n.elementor-heading-title{padding:0;margin:0;line-height:1}.elementor-widget-heading .elementor-heading-title[class*=elementor-size-]>a{color:inherit;font-size:inherit;line-height:inherit}.elementor-widget-heading .elementor-heading-title.elementor-size-small{font-size:15px}.elementor-widget-heading .elementor-heading-title.elementor-size-medium{font-size:19px}.elementor-widget-heading .elementor-heading-title.elementor-size-large{font-size:29px}.elementor-widget-heading .elementor-heading-title.elementor-size-xl{font-size:39px}.elementor-widget-heading .elementor-heading-title.elementor-size-xxl{font-size:59px}<\/style><h2 class=\"elementor-heading-title elementor-size-default\">Gu\u00eda abierta para formadores de EFP<\/h2>\t\t<\/div>\n\t\t\t\t<\/div>\n\t\t\t\t<section class=\"elementor-section elementor-inner-section elementor-element elementor-element-43ff2912 elementor-section-content-middle elementor-section-boxed elementor-section-height-default elementor-section-height-default\" data-id=\"43ff2912\" data-element_type=\"section\">\n\t\t\t\t\t\t<div class=\"elementor-container elementor-column-gap-default\">\n\t\t\t\t\t<div class=\"elementor-column elementor-col-50 elementor-inner-column elementor-element elementor-element-497c9101\" data-id=\"497c9101\" data-element_type=\"column\">\n\t\t\t<div class=\"elementor-widget-wrap elementor-element-populated\">\n\t\t\t\t\t\t<div class=\"elementor-element elementor-element-6016deae elementor-widget elementor-widget-image\" data-id=\"6016deae\" data-element_type=\"widget\" data-widget_type=\"image.default\">\n\t\t\t\t<div class=\"elementor-widget-container\">\n\t\t\t<style>\/*! elementor - v3.19.0 - 07-02-2024 *\/\n.elementor-widget-image{text-align:center}.elementor-widget-image a{display:inline-block}.elementor-widget-image a img[src$=\".svg\"]{width:48px}.elementor-widget-image img{vertical-align:middle;display:inline-block}<\/style>\t\t\t\t\t\t\t\t\t\t<img fetchpriority=\"high\" decoding=\"async\" width=\"800\" height=\"800\" src=\"https:\/\/recrewproject.eu\/wp-content\/uploads\/2023\/01\/the-need.svg\" class=\"attachment-large size-large wp-image-1081\" alt=\"\" \/>\t\t\t\t\t\t\t\t\t\t\t\t\t<\/div>\n\t\t\t\t<\/div>\n\t\t\t\t\t<\/div>\n\t\t<\/div>\n\t\t\t\t<div class=\"elementor-column elementor-col-50 elementor-inner-column elementor-element elementor-element-2b822ad2\" data-id=\"2b822ad2\" data-element_type=\"column\">\n\t\t\t<div class=\"elementor-widget-wrap elementor-element-populated\">\n\t\t\t\t\t\t<div class=\"elementor-element elementor-element-14a9cf11 elementor-widget elementor-widget-text-editor\" data-id=\"14a9cf11\" data-element_type=\"widget\" data-widget_type=\"text-editor.default\">\n\t\t\t\t<div class=\"elementor-widget-container\">\n\t\t\t<style>\/*! elementor - v3.19.0 - 07-02-2024 *\/\n.elementor-widget-text-editor.elementor-drop-cap-view-stacked .elementor-drop-cap{background-color:#69727d;color:#fff}.elementor-widget-text-editor.elementor-drop-cap-view-framed .elementor-drop-cap{color:#69727d;border:3px solid;background-color:transparent}.elementor-widget-text-editor:not(.elementor-drop-cap-view-default) .elementor-drop-cap{margin-top:8px}.elementor-widget-text-editor:not(.elementor-drop-cap-view-default) .elementor-drop-cap-letter{width:1em;height:1em}.elementor-widget-text-editor .elementor-drop-cap{float:left;text-align:center;line-height:1;font-size:50px}.elementor-widget-text-editor .elementor-drop-cap-letter{display:inline-block}<\/style>\t\t\t\t<p>La innovadora GU\u00cdA ABIERTA para formadores de EFP, un completo manual para dise\u00f1ar, desarrollar e impartir una formaci\u00f3n eficaz y atractiva para las empresas peque\u00f1as europeas, con el fin de que puedan emprender con facilidad, eficacia y \u00e9xito, cualquier proceso de contrataci\u00f3n, mediante:<\/p>\n<ul>\n<li>la superaci\u00f3n de obst\u00e1culos<\/li>\n<li>la prevenci\u00f3n de errores,<\/li>\n<li>la transmisi\u00f3n de sus valores y<\/li>\n<li>la gesti\u00f3n de los aspectos organizativos de la mejor manera posible.<\/li>\n<\/ul>\n<p>Los principales grupos destinatarios ser\u00e1n los formadores, mentores y entrenadores europeos de EFP.<\/p>\n\t\t\t\t\t\t<\/div>\n\t\t\t\t<\/div>\n\t\t\t\t<div class=\"elementor-element elementor-element-52e92d6 elementor-widget elementor-widget-text-editor\" data-id=\"52e92d6\" data-element_type=\"widget\" data-widget_type=\"text-editor.default\">\n\t\t\t\t<div class=\"elementor-widget-container\">\n\t\t\t\t\t\t\t<p>La Gu\u00eda Abierta:<\/p><ul><li>proporciona conocimientos generales sobre el uso de los m\u00e9todos de formaci\u00f3n activa explicando conceptos, principios y t\u00e9cnicas recomendadas;<\/li><li>describe c\u00f3mo utilizar los m\u00e9todos de formaci\u00f3n activa para aumentar la retenci\u00f3n, fomentar la comprensi\u00f3n y mejorar las habilidades;<\/li><li>explica el uso de estrategias creativas de instrucci\u00f3n en plataformas digitales (plataforma de e-learning y DAT) sugiriendo consejos pr\u00e1cticos para formadores e instructores;<\/li><li>ofrece ejemplos de m\u00e9todos de formaci\u00f3n activa aplicados<\/li><li>ilustra c\u00f3mo adaptar las t\u00e9cnicas de formaci\u00f3n activa a nuestro curr\u00edculo de formaci\u00f3n<\/li><li>proporciona un dep\u00f3sito de recursos de formaci\u00f3n activa que pueden utilizarse independientemente del contenido del curso.<\/li><\/ul>\t\t\t\t\t\t<\/div>\n\t\t\t\t<\/div>\n\t\t\t\t\t<\/div>\n\t\t<\/div>\n\t\t\t\t\t<\/div>\n\t\t<\/section>\n\t\t\t\t\t<\/div>\n\t\t<\/div>\n\t\t\t\t\t<\/div>\n\t\t<\/section>\n\t\t\t\t<section class=\"elementor-section elementor-top-section elementor-element elementor-element-ac19766 elementor-section-boxed elementor-section-height-default elementor-section-height-default\" data-id=\"ac19766\" data-element_type=\"section\">\n\t\t\t\t\t\t<div class=\"elementor-container elementor-column-gap-default\">\n\t\t\t\t\t<div class=\"elementor-column elementor-col-100 elementor-top-column elementor-element elementor-element-7ac0753\" data-id=\"7ac0753\" data-element_type=\"column\">\n\t\t\t<div class=\"elementor-widget-wrap elementor-element-populated\">\n\t\t\t\t\t\t<div class=\"elementor-element elementor-element-a06f4f5 elementor-widget elementor-widget-image\" data-id=\"a06f4f5\" data-element_type=\"widget\" data-widget_type=\"image.default\">\n\t\t\t\t<div class=\"elementor-widget-container\">\n\t\t\t\t\t\t\t\t\t\t\t\t\t\t<a href=\"https:\/\/recrewproject.eu\/wp-content\/uploads\/2024\/08\/04_WP4_Open_Guide_SP.pdf\" target=\"_blank\">\n\t\t\t\t\t\t\t<img decoding=\"async\" width=\"1000\" height=\"750\" src=\"https:\/\/recrewproject.eu\/wp-content\/uploads\/2024\/07\/re-crew-guide-mockup-1.png\" class=\"attachment-full size-full wp-image-4429\" alt=\"\" srcset=\"https:\/\/recrewproject.eu\/wp-content\/uploads\/2024\/07\/re-crew-guide-mockup-1.png 1000w, https:\/\/recrewproject.eu\/wp-content\/uploads\/2024\/07\/re-crew-guide-mockup-1-300x225.png 300w, https:\/\/recrewproject.eu\/wp-content\/uploads\/2024\/07\/re-crew-guide-mockup-1-768x576.png 768w\" sizes=\"(max-width: 1000px) 100vw, 1000px\" \/>\t\t\t\t\t\t\t\t<\/a>\n\t\t\t\t\t\t\t\t\t\t\t\t\t<\/div>\n\t\t\t\t<\/div>\n\t\t\t\t<div class=\"elementor-element elementor-element-479c058 elementor-widget elementor-widget-tp-button\" data-id=\"479c058\" data-element_type=\"widget\" data-widget_type=\"tp-button.default\">\n\t\t\t\t<div class=\"elementor-widget-container\">\n\t\t\t<div class=\"pt-plus-button-wrapper   text-center   \"><div class=\"button_parallax   \" ><div id=\"button69e79bd2cbe4c\"  class=\" text-center ts-button content_hover_effect   \" ><div class=\"pt_plus_button btn69e79bd2cbb4e button-style-19   \"  ><div class=\"animted-content-inner \"><a href=\"https:\/\/recrewproject.eu\/wp-content\/uploads\/2024\/08\/04_WP4_Open_Guide_SP.pdf\" target=\"_blank\" class=\"button-link-wrap \" role=\"button\" data-hover=\"Open Guide for VET Trainers\"  ><span>Open Guide for VET Trainers<\/span><i class=\"btn-icon button-after fa fa-chevron-right\"><\/i><\/a><\/div><\/div><\/div><\/div><\/div>\t\t<\/div>\n\t\t\t\t<\/div>\n\t\t\t\t<div class=\"elementor-element elementor-element-7eea0dc elementor-widget elementor-widget-spacer\" data-id=\"7eea0dc\" data-element_type=\"widget\" data-widget_type=\"spacer.default\">\n\t\t\t\t<div class=\"elementor-widget-container\">\n\t\t\t\t\t<div class=\"elementor-spacer\">\n\t\t\t<div class=\"elementor-spacer-inner\"><\/div>\n\t\t<\/div>\n\t\t\t\t<\/div>\n\t\t\t\t<\/div>\n\t\t\t\t<div class=\"elementor-element elementor-element-78b3af2 elementor-widget elementor-widget-tp-button\" data-id=\"78b3af2\" data-element_type=\"widget\" data-widget_type=\"tp-button.default\">\n\t\t\t\t<div class=\"elementor-widget-container\">\n\t\t\t<div class=\"pt-plus-button-wrapper   text-center   \"><div class=\"button_parallax   \" ><div id=\"button69e79bd2cc8bb\"  class=\" text-center ts-button content_hover_effect   \" ><div class=\"pt_plus_button btn69e79bd2cc631 button-style-19   \"  ><div class=\"animted-content-inner \"><a href=\"https:\/\/recrewproject.eu\/vet-trainer-toolkit\/\" class=\"button-link-wrap \" role=\"button\" data-hover=\"VET Trainers Toolkit\"  ><span>VET Trainers Toolkit<\/span><i class=\"btn-icon button-after fa fa-chevron-right\"><\/i><\/a><\/div><\/div><\/div><\/div><\/div>\t\t<\/div>\n\t\t\t\t<\/div>\n\t\t\t\t<div class=\"elementor-element elementor-element-031cb80 elementor-widget elementor-widget-spacer\" data-id=\"031cb80\" data-element_type=\"widget\" data-widget_type=\"spacer.default\">\n\t\t\t\t<div class=\"elementor-widget-container\">\n\t\t\t\t\t<div class=\"elementor-spacer\">\n\t\t\t<div class=\"elementor-spacer-inner\"><\/div>\n\t\t<\/div>\n\t\t\t\t<\/div>\n\t\t\t\t<\/div>\n\t\t\t\t\t<\/div>\n\t\t<\/div>\n\t\t\t\t\t<\/div>\n\t\t<\/section>\n\t\t\t\t<\/div>\n\t\t","protected":false},"excerpt":{"rendered":"<p>Gu\u00eda abierta para formadores de EFP La innovadora GU\u00cdA ABIERTA para formadores de EFP, un completo manual para dise\u00f1ar, desarrollar e impartir una formaci\u00f3n eficaz y atractiva para las empresas peque\u00f1as europeas, con el fin de que puedan emprender con facilidad, eficacia y \u00e9xito, cualquier proceso de contrataci\u00f3n, mediante: la superaci\u00f3n de obst\u00e1culos la prevenci\u00f3n [&hellip;]<\/p>\n","protected":false},"author":1,"featured_media":0,"parent":0,"menu_order":0,"comment_status":"closed","ping_status":"closed","template":"elementor_header_footer","meta":{"footnotes":""},"class_list":["post-1237","page","type-page","status-publish","hentry"],"_links":{"self":[{"href":"https:\/\/recrewproject.eu\/es\/wp-json\/wp\/v2\/pages\/1237","targetHints":{"allow":["GET"]}}],"collection":[{"href":"https:\/\/recrewproject.eu\/es\/wp-json\/wp\/v2\/pages"}],"about":[{"href":"https:\/\/recrewproject.eu\/es\/wp-json\/wp\/v2\/types\/page"}],"author":[{"embeddable":true,"href":"https:\/\/recrewproject.eu\/es\/wp-json\/wp\/v2\/users\/1"}],"replies":[{"embeddable":true,"href":"https:\/\/recrewproject.eu\/es\/wp-json\/wp\/v2\/comments?post=1237"}],"version-history":[{"count":25,"href":"https:\/\/recrewproject.eu\/es\/wp-json\/wp\/v2\/pages\/1237\/revisions"}],"predecessor-version":[{"id":4861,"href":"https:\/\/recrewproject.eu\/es\/wp-json\/wp\/v2\/pages\/1237\/revisions\/4861"}],"wp:attachment":[{"href":"https:\/\/recrewproject.eu\/es\/wp-json\/wp\/v2\/media?parent=1237"}],"curies":[{"name":"wp","href":"https:\/\/api.w.org\/{rel}","templated":true}]}}